{"id":8910,"date":"2015-04-08T18:39:04","date_gmt":"2015-04-08T23:39:04","guid":{"rendered":"https:\/\/laforetgroup.com\/home-2\/"},"modified":"2025-02-26T08:25:10","modified_gmt":"2025-02-26T08:25:10","slug":"home","status":"publish","type":"page","link":"https:\/\/www.laforetgroup.com\/fr\/","title":{"rendered":"Home"},"content":{"rendered":"<div id=\"cs-content\" class=\"cs-content\"><\/div>\n","protected":false},"excerpt":{"rendered":"<p>Laforet Group Une fa\u00e7on diff\u00e9rente d&rsquo;apprendre les langues Qui sommes-nous ?Nous sommes une soci\u00e9t\u00e9 au service de votre entreprise,\u00a0 nous organisons\u00a0 des s\u00e9jours pour des groupes d&rsquo;\u00e9l\u00e8ves ou d&rsquo;\u00e9tudiants, nous &#8230;<\/p>\n","protected":false},"author":1,"featured_media":0,"parent":0,"menu_order":0,"comment_status":"closed","ping_status":"closed","template":"template-blank-4.php","meta":{"footnotes":""},"class_list":["post-8910","page","type-page","status-publish","format-standard","hentry","no-post-thumbnail"],"yoast_head":"<!-- This site is optimized with the Yoast SEO plugin v27.6 - https:\/\/yoast.com\/product\/yoast-seo-wordpress\/ -->\n<title>Laforet Group | Voyages linguistiques | voyages scolaires | Int\u00e9gration en famille<\/title>\n<meta name=\"description\" content=\"Nous organisons des s\u00e9jours pour des groupes d\u2019\u00e9l\u00e8ves ou d\u2019\u00e9tudiants, nous proposons divers programmes d\u2019int\u00e9gration en familles d\u2019accueil.\" \/>\n<meta name=\"robots\" content=\"index, follow, max-snippet:-1, max-image-preview:large, max-video-preview:-1\" \/>\n<link rel=\"canonical\" href=\"https:\/\/www.laforetgroup.com\/fr\/\" \/>\n<meta property=\"og:locale\" content=\"fr_FR\" \/>\n<meta property=\"og:type\" content=\"article\" \/>\n<meta property=\"og:title\" content=\"Laforet Group | Voyages linguistiques | voyages scolaires | Int\u00e9gration en famille\" \/>\n<meta property=\"og:description\" content=\"Nous organisons des s\u00e9jours pour des groupes d\u2019\u00e9l\u00e8ves ou d\u2019\u00e9tudiants, nous proposons divers programmes d\u2019int\u00e9gration en familles d\u2019accueil.\" \/>\n<meta property=\"og:url\" content=\"https:\/\/www.laforetgroup.com\/fr\/\" \/>\n<meta property=\"og:site_name\" content=\"Laforet Group\" \/>\n<meta property=\"article:publisher\" content=\"https:\/\/www.facebook.com\/laforet.languages\" \/>\n<meta property=\"article:modified_time\" content=\"2025-02-26T08:25:10+00:00\" \/>\n<meta name=\"twitter:card\" content=\"summary_large_image\" \/>\n<meta name=\"twitter:site\" content=\"@LaforetLanguage\" \/>\n<meta name=\"twitter:label1\" content=\"Dur\u00e9e de lecture estim\u00e9e\" \/>\n\t<meta name=\"twitter:data1\" content=\"10 minutes\" \/>\n<script type=\"application\/ld+json\" class=\"yoast-schema-graph\">{\"@context\":\"https:\\\/\\\/schema.org\",\"@graph\":[{\"@type\":\"WebPage\",\"@id\":\"https:\\\/\\\/www.laforetgroup.com\\\/fr\\\/\",\"url\":\"https:\\\/\\\/www.laforetgroup.com\\\/fr\\\/\",\"name\":\"Laforet Group | Voyages linguistiques | voyages scolaires | Int\u00e9gration en famille\",\"isPartOf\":{\"@id\":\"https:\\\/\\\/www.laforetgroup.com\\\/fr\\\/#website\"},\"datePublished\":\"2015-04-08T23:39:04+00:00\",\"dateModified\":\"2025-02-26T08:25:10+00:00\",\"description\":\"Nous organisons des s\u00e9jours pour des groupes d\u2019\u00e9l\u00e8ves ou d\u2019\u00e9tudiants, nous proposons divers programmes d\u2019int\u00e9gration en familles d\u2019accueil.\",\"breadcrumb\":{\"@id\":\"https:\\\/\\\/www.laforetgroup.com\\\/fr\\\/#breadcrumb\"},\"inLanguage\":\"fr-FR\",\"potentialAction\":[{\"@type\":\"ReadAction\",\"target\":[\"https:\\\/\\\/www.laforetgroup.com\\\/fr\\\/\"]}]},{\"@type\":\"BreadcrumbList\",\"@id\":\"https:\\\/\\\/www.laforetgroup.com\\\/fr\\\/#breadcrumb\",\"itemListElement\":[{\"@type\":\"ListItem\",\"position\":1,\"name\":\"Portada\",\"item\":\"https:\\\/\\\/www.laforetgroup.com\\\/fr\\\/home\\\/\"},{\"@type\":\"ListItem\",\"position\":2,\"name\":\"Home\"}]},{\"@type\":\"WebSite\",\"@id\":\"https:\\\/\\\/www.laforetgroup.com\\\/fr\\\/#website\",\"url\":\"https:\\\/\\\/www.laforetgroup.com\\\/fr\\\/\",\"name\":\"Laforet Group\",\"description\":\"Voyages linguistiques\",\"potentialAction\":[{\"@type\":\"SearchAction\",\"target\":{\"@type\":\"EntryPoint\",\"urlTemplate\":\"https:\\\/\\\/www.laforetgroup.com\\\/fr\\\/?s={search_term_string}\"},\"query-input\":{\"@type\":\"PropertyValueSpecification\",\"valueRequired\":true,\"valueName\":\"search_term_string\"}}],\"inLanguage\":\"fr-FR\"}]}<\/script>\n<!-- \/ Yoast SEO plugin. -->","yoast_head_json":{"title":"Laforet Group | Voyages linguistiques | voyages scolaires | Int\u00e9gration en famille","description":"Nous organisons des s\u00e9jours pour des groupes d\u2019\u00e9l\u00e8ves ou d\u2019\u00e9tudiants, nous proposons divers programmes d\u2019int\u00e9gration en familles d\u2019accueil.","robots":{"index":"index","follow":"follow","max-snippet":"max-snippet:-1","max-image-preview":"max-image-preview:large","max-video-preview":"max-video-preview:-1"},"canonical":"https:\/\/www.laforetgroup.com\/fr\/","og_locale":"fr_FR","og_type":"article","og_title":"Laforet Group | Voyages linguistiques | voyages scolaires | Int\u00e9gration en famille","og_description":"Nous organisons des s\u00e9jours pour des groupes d\u2019\u00e9l\u00e8ves ou d\u2019\u00e9tudiants, nous proposons divers programmes d\u2019int\u00e9gration en familles d\u2019accueil.","og_url":"https:\/\/www.laforetgroup.com\/fr\/","og_site_name":"Laforet Group","article_publisher":"https:\/\/www.facebook.com\/laforet.languages","article_modified_time":"2025-02-26T08:25:10+00:00","twitter_card":"summary_large_image","twitter_site":"@LaforetLanguage","twitter_misc":{"Dur\u00e9e de lecture estim\u00e9e":"10 minutes"},"schema":{"@context":"https:\/\/schema.org","@graph":[{"@type":"WebPage","@id":"https:\/\/www.laforetgroup.com\/fr\/","url":"https:\/\/www.laforetgroup.com\/fr\/","name":"Laforet Group | Voyages linguistiques | voyages scolaires | Int\u00e9gration en famille","isPartOf":{"@id":"https:\/\/www.laforetgroup.com\/fr\/#website"},"datePublished":"2015-04-08T23:39:04+00:00","dateModified":"2025-02-26T08:25:10+00:00","description":"Nous organisons des s\u00e9jours pour des groupes d\u2019\u00e9l\u00e8ves ou d\u2019\u00e9tudiants, nous proposons divers programmes d\u2019int\u00e9gration en familles d\u2019accueil.","breadcrumb":{"@id":"https:\/\/www.laforetgroup.com\/fr\/#breadcrumb"},"inLanguage":"fr-FR","potentialAction":[{"@type":"ReadAction","target":["https:\/\/www.laforetgroup.com\/fr\/"]}]},{"@type":"BreadcrumbList","@id":"https:\/\/www.laforetgroup.com\/fr\/#breadcrumb","itemListElement":[{"@type":"ListItem","position":1,"name":"Portada","item":"https:\/\/www.laforetgroup.com\/fr\/home\/"},{"@type":"ListItem","position":2,"name":"Home"}]},{"@type":"WebSite","@id":"https:\/\/www.laforetgroup.com\/fr\/#website","url":"https:\/\/www.laforetgroup.com\/fr\/","name":"Laforet Group","description":"Voyages linguistiques","potentialAction":[{"@type":"SearchAction","target":{"@type":"EntryPoint","urlTemplate":"https:\/\/www.laforetgroup.com\/fr\/?s={search_term_string}"},"query-input":{"@type":"PropertyValueSpecification","valueRequired":true,"valueName":"search_term_string"}}],"inLanguage":"fr-FR"}]}},"_links":{"self":[{"href":"https:\/\/www.laforetgroup.com\/fr\/wp-json\/wp\/v2\/pages\/8910","targetHints":{"allow":["GET"]}}],"collection":[{"href":"https:\/\/www.laforetgroup.com\/fr\/wp-json\/wp\/v2\/pages"}],"about":[{"href":"https:\/\/www.laforetgroup.com\/fr\/wp-json\/wp\/v2\/types\/page"}],"author":[{"embeddable":true,"href":"https:\/\/www.laforetgroup.com\/fr\/wp-json\/wp\/v2\/users\/1"}],"replies":[{"embeddable":true,"href":"https:\/\/www.laforetgroup.com\/fr\/wp-json\/wp\/v2\/comments?post=8910"}],"version-history":[{"count":77,"href":"https:\/\/www.laforetgroup.com\/fr\/wp-json\/wp\/v2\/pages\/8910\/revisions"}],"predecessor-version":[{"id":10996,"href":"https:\/\/www.laforetgroup.com\/fr\/wp-json\/wp\/v2\/pages\/8910\/revisions\/10996"}],"wp:attachment":[{"href":"https:\/\/www.laforetgroup.com\/fr\/wp-json\/wp\/v2\/media?parent=8910"}],"curies":[{"name":"wp","href":"https:\/\/api.w.org\/{rel}","templated":true}]}}