{"id":8756,"date":"2016-11-27T18:12:46","date_gmt":"2016-11-27T18:12:46","guid":{"rendered":"https:\/\/laforetgroup.com\/integracion-en-familia-3\/"},"modified":"2017-09-08T11:42:52","modified_gmt":"2017-09-08T11:42:52","slug":"integration-en-famille","status":"publish","type":"page","link":"https:\/\/www.laforetgroup.com\/fr\/integration-en-famille\/","title":{"rendered":"Int\u00e9gration en famille avec ou sans cours d\u2019espagnol"},"content":{"rendered":"<div id=\"cs-content\" class=\"cs-content\"><\/div>\n","protected":false},"excerpt":{"rendered":"","protected":false},"author":1,"featured_media":0,"parent":0,"menu_order":2,"comment_status":"closed","ping_status":"closed","template":"template-blank-4.php","meta":{"footnotes":""},"class_list":["post-8756","page","type-page","status-publish","format-standard","hentry","no-post-thumbnail"],"yoast_head":"<!-- This site is optimized with the Yoast SEO plugin v27.3 - https:\/\/yoast.com\/product\/yoast-seo-wordpress\/ -->\n<title>Int\u00e9gration en famille avec ou sans cours d&#039;espagnol | Laforet Group | Voyages linguistiques<\/title>\n<meta name=\"description\" content=\"Il est important pour nous qu\u2019un \u00e9l\u00e8ve vive une exp\u00e9rience d\u2019int\u00e9gration dans une famille, qu\u2019il soit trait\u00e9 comme un membre de celle-ci.\" \/>\n<meta name=\"robots\" content=\"index, follow, max-snippet:-1, max-image-preview:large, max-video-preview:-1\" \/>\n<link rel=\"canonical\" href=\"https:\/\/www.laforetgroup.com\/fr\/integration-en-famille\/\" \/>\n<meta property=\"og:locale\" content=\"fr_FR\" \/>\n<meta property=\"og:type\" content=\"article\" \/>\n<meta property=\"og:title\" content=\"Int\u00e9gration en famille avec ou sans cours d&#039;espagnol | Laforet Group | Voyages linguistiques\" \/>\n<meta property=\"og:description\" content=\"Il est important pour nous qu\u2019un \u00e9l\u00e8ve vive une exp\u00e9rience d\u2019int\u00e9gration dans une famille, qu\u2019il soit trait\u00e9 comme un membre de celle-ci.\" \/>\n<meta property=\"og:url\" content=\"https:\/\/www.laforetgroup.com\/fr\/integration-en-famille\/\" \/>\n<meta property=\"og:site_name\" content=\"Laforet Group\" \/>\n<meta property=\"article:publisher\" content=\"https:\/\/www.facebook.com\/laforet.languages\" \/>\n<meta property=\"article:modified_time\" content=\"2017-09-08T11:42:52+00:00\" \/>\n<meta name=\"twitter:card\" content=\"summary_large_image\" \/>\n<meta name=\"twitter:site\" content=\"@LaforetLanguage\" \/>\n<meta name=\"twitter:label1\" content=\"Dur\u00e9e de lecture estim\u00e9e\" \/>\n\t<meta name=\"twitter:data1\" content=\"4 minutes\" \/>\n<script type=\"application\/ld+json\" class=\"yoast-schema-graph\">{\"@context\":\"https:\\\/\\\/schema.org\",\"@graph\":[{\"@type\":\"WebPage\",\"@id\":\"https:\\\/\\\/www.laforetgroup.com\\\/fr\\\/integration-en-famille\\\/\",\"url\":\"https:\\\/\\\/www.laforetgroup.com\\\/fr\\\/integration-en-famille\\\/\",\"name\":\"Int\u00e9gration en famille avec ou sans cours d'espagnol | Laforet Group | Voyages linguistiques\",\"isPartOf\":{\"@id\":\"https:\\\/\\\/www.laforetgroup.com\\\/fr\\\/#website\"},\"datePublished\":\"2016-11-27T18:12:46+00:00\",\"dateModified\":\"2017-09-08T11:42:52+00:00\",\"description\":\"Il est important pour nous qu\u2019un \u00e9l\u00e8ve vive une exp\u00e9rience d\u2019int\u00e9gration dans une famille, qu\u2019il soit trait\u00e9 comme un membre de celle-ci.\",\"breadcrumb\":{\"@id\":\"https:\\\/\\\/www.laforetgroup.com\\\/fr\\\/integration-en-famille\\\/#breadcrumb\"},\"inLanguage\":\"fr-FR\",\"potentialAction\":[{\"@type\":\"ReadAction\",\"target\":[\"https:\\\/\\\/www.laforetgroup.com\\\/fr\\\/integration-en-famille\\\/\"]}]},{\"@type\":\"BreadcrumbList\",\"@id\":\"https:\\\/\\\/www.laforetgroup.com\\\/fr\\\/integration-en-famille\\\/#breadcrumb\",\"itemListElement\":[{\"@type\":\"ListItem\",\"position\":1,\"name\":\"Portada\",\"item\":\"https:\\\/\\\/www.laforetgroup.com\\\/fr\\\/home\\\/\"},{\"@type\":\"ListItem\",\"position\":2,\"name\":\"Int\u00e9gration en famille avec ou sans cours d\u2019espagnol\"}]},{\"@type\":\"WebSite\",\"@id\":\"https:\\\/\\\/www.laforetgroup.com\\\/fr\\\/#website\",\"url\":\"https:\\\/\\\/www.laforetgroup.com\\\/fr\\\/\",\"name\":\"Laforet Group\",\"description\":\"Voyages linguistiques\",\"potentialAction\":[{\"@type\":\"SearchAction\",\"target\":{\"@type\":\"EntryPoint\",\"urlTemplate\":\"https:\\\/\\\/www.laforetgroup.com\\\/fr\\\/?s={search_term_string}\"},\"query-input\":{\"@type\":\"PropertyValueSpecification\",\"valueRequired\":true,\"valueName\":\"search_term_string\"}}],\"inLanguage\":\"fr-FR\"}]}<\/script>\n<!-- \/ Yoast SEO plugin. -->","yoast_head_json":{"title":"Int\u00e9gration en famille avec ou sans cours d'espagnol | Laforet Group | Voyages linguistiques","description":"Il est important pour nous qu\u2019un \u00e9l\u00e8ve vive une exp\u00e9rience d\u2019int\u00e9gration dans une famille, qu\u2019il soit trait\u00e9 comme un membre de celle-ci.","robots":{"index":"index","follow":"follow","max-snippet":"max-snippet:-1","max-image-preview":"max-image-preview:large","max-video-preview":"max-video-preview:-1"},"canonical":"https:\/\/www.laforetgroup.com\/fr\/integration-en-famille\/","og_locale":"fr_FR","og_type":"article","og_title":"Int\u00e9gration en famille avec ou sans cours d'espagnol | Laforet Group | Voyages linguistiques","og_description":"Il est important pour nous qu\u2019un \u00e9l\u00e8ve vive une exp\u00e9rience d\u2019int\u00e9gration dans une famille, qu\u2019il soit trait\u00e9 comme un membre de celle-ci.","og_url":"https:\/\/www.laforetgroup.com\/fr\/integration-en-famille\/","og_site_name":"Laforet Group","article_publisher":"https:\/\/www.facebook.com\/laforet.languages","article_modified_time":"2017-09-08T11:42:52+00:00","twitter_card":"summary_large_image","twitter_site":"@LaforetLanguage","twitter_misc":{"Dur\u00e9e de lecture estim\u00e9e":"4 minutes"},"schema":{"@context":"https:\/\/schema.org","@graph":[{"@type":"WebPage","@id":"https:\/\/www.laforetgroup.com\/fr\/integration-en-famille\/","url":"https:\/\/www.laforetgroup.com\/fr\/integration-en-famille\/","name":"Int\u00e9gration en famille avec ou sans cours d'espagnol | Laforet Group | Voyages linguistiques","isPartOf":{"@id":"https:\/\/www.laforetgroup.com\/fr\/#website"},"datePublished":"2016-11-27T18:12:46+00:00","dateModified":"2017-09-08T11:42:52+00:00","description":"Il est important pour nous qu\u2019un \u00e9l\u00e8ve vive une exp\u00e9rience d\u2019int\u00e9gration dans une famille, qu\u2019il soit trait\u00e9 comme un membre de celle-ci.","breadcrumb":{"@id":"https:\/\/www.laforetgroup.com\/fr\/integration-en-famille\/#breadcrumb"},"inLanguage":"fr-FR","potentialAction":[{"@type":"ReadAction","target":["https:\/\/www.laforetgroup.com\/fr\/integration-en-famille\/"]}]},{"@type":"BreadcrumbList","@id":"https:\/\/www.laforetgroup.com\/fr\/integration-en-famille\/#breadcrumb","itemListElement":[{"@type":"ListItem","position":1,"name":"Portada","item":"https:\/\/www.laforetgroup.com\/fr\/home\/"},{"@type":"ListItem","position":2,"name":"Int\u00e9gration en famille avec ou sans cours d\u2019espagnol"}]},{"@type":"WebSite","@id":"https:\/\/www.laforetgroup.com\/fr\/#website","url":"https:\/\/www.laforetgroup.com\/fr\/","name":"Laforet Group","description":"Voyages linguistiques","potentialAction":[{"@type":"SearchAction","target":{"@type":"EntryPoint","urlTemplate":"https:\/\/www.laforetgroup.com\/fr\/?s={search_term_string}"},"query-input":{"@type":"PropertyValueSpecification","valueRequired":true,"valueName":"search_term_string"}}],"inLanguage":"fr-FR"}]}},"_links":{"self":[{"href":"https:\/\/www.laforetgroup.com\/fr\/wp-json\/wp\/v2\/pages\/8756","targetHints":{"allow":["GET"]}}],"collection":[{"href":"https:\/\/www.laforetgroup.com\/fr\/wp-json\/wp\/v2\/pages"}],"about":[{"href":"https:\/\/www.laforetgroup.com\/fr\/wp-json\/wp\/v2\/types\/page"}],"author":[{"embeddable":true,"href":"https:\/\/www.laforetgroup.com\/fr\/wp-json\/wp\/v2\/users\/1"}],"replies":[{"embeddable":true,"href":"https:\/\/www.laforetgroup.com\/fr\/wp-json\/wp\/v2\/comments?post=8756"}],"version-history":[{"count":13,"href":"https:\/\/www.laforetgroup.com\/fr\/wp-json\/wp\/v2\/pages\/8756\/revisions"}],"predecessor-version":[{"id":9404,"href":"https:\/\/www.laforetgroup.com\/fr\/wp-json\/wp\/v2\/pages\/8756\/revisions\/9404"}],"wp:attachment":[{"href":"https:\/\/www.laforetgroup.com\/fr\/wp-json\/wp\/v2\/media?parent=8756"}],"curies":[{"name":"wp","href":"https:\/\/api.w.org\/{rel}","templated":true}]}}