{"id":10883,"date":"2024-05-16T11:01:56","date_gmt":"2024-05-16T11:01:56","guid":{"rendered":"https:\/\/www.laforetgroup.com\/prueba-ingles-frances\/"},"modified":"2024-05-16T11:34:19","modified_gmt":"2024-05-16T11:34:19","slug":"mentions-legales-laforet-group-voyages-linguistiques","status":"publish","type":"page","link":"https:\/\/www.laforetgroup.com\/fr\/mentions-legales-laforet-group-voyages-linguistiques\/","title":{"rendered":"Mentions l\u00e9gales"},"content":{"rendered":"<div id=\"cs-content\" class=\"cs-content\"><\/div>\n","protected":false},"excerpt":{"rendered":"<p>1.DES DONN&Eacute;ES D&rsquo;IDENTIFICATION: En conformit&eacute; avec les obligations de d&eacute;claration pr&eacute;vues &agrave; l&rsquo;article 10 de la loi 34\/2002 du 11 Juillet, la Soci&eacute;t&eacute; des services d&rsquo;information et commerce &eacute;lectronique, ci-dessous &#8230;<\/p>\n","protected":false},"author":1,"featured_media":0,"parent":0,"menu_order":0,"comment_status":"closed","ping_status":"closed","template":"template-blank-3.php","meta":{"footnotes":""},"class_list":["post-10883","page","type-page","status-publish","format-standard","hentry","no-post-thumbnail"],"yoast_head":"<!-- This site is optimized with the Yoast SEO plugin v27.6 - https:\/\/yoast.com\/product\/yoast-seo-wordpress\/ -->\n<title>Mentions l\u00e9gales | Laforet Group<\/title>\n<meta name=\"description\" content=\"LAFORET GROUP CIF: B55239966 immatricul\u00e9e au Registre de Turisme de Catalunya Non GC-004159 et la politique de responsabilit\u00e9 n \u00b0 N-5921344-Z.\" \/>\n<meta name=\"robots\" content=\"index, follow, max-snippet:-1, max-image-preview:large, max-video-preview:-1\" \/>\n<link rel=\"canonical\" href=\"https:\/\/www.laforetgroup.com\/fr\/mentions-legales-laforet-group-voyages-linguistiques\/\" \/>\n<meta property=\"og:locale\" content=\"fr_FR\" \/>\n<meta property=\"og:type\" content=\"article\" \/>\n<meta property=\"og:title\" content=\"Mentions l\u00e9gales | Laforet Group\" \/>\n<meta property=\"og:description\" content=\"LAFORET GROUP CIF: B55239966 immatricul\u00e9e au Registre de Turisme de Catalunya Non GC-004159 et la politique de responsabilit\u00e9 n \u00b0 N-5921344-Z.\" \/>\n<meta property=\"og:url\" content=\"https:\/\/www.laforetgroup.com\/fr\/mentions-legales-laforet-group-voyages-linguistiques\/\" \/>\n<meta property=\"og:site_name\" content=\"Laforet Group\" \/>\n<meta property=\"article:publisher\" content=\"https:\/\/www.facebook.com\/laforet.languages\" \/>\n<meta property=\"article:modified_time\" content=\"2024-05-16T11:34:19+00:00\" \/>\n<meta name=\"twitter:card\" content=\"summary_large_image\" \/>\n<meta name=\"twitter:site\" content=\"@LaforetLanguage\" \/>\n<meta name=\"twitter:label1\" content=\"Dur\u00e9e de lecture estim\u00e9e\" \/>\n\t<meta name=\"twitter:data1\" content=\"7 minutes\" \/>\n<script type=\"application\/ld+json\" class=\"yoast-schema-graph\">{\"@context\":\"https:\\\/\\\/schema.org\",\"@graph\":[{\"@type\":\"WebPage\",\"@id\":\"https:\\\/\\\/www.laforetgroup.com\\\/fr\\\/mentions-legales-laforet-group-voyages-linguistiques\\\/\",\"url\":\"https:\\\/\\\/www.laforetgroup.com\\\/fr\\\/mentions-legales-laforet-group-voyages-linguistiques\\\/\",\"name\":\"Mentions l\u00e9gales | Laforet Group\",\"isPartOf\":{\"@id\":\"https:\\\/\\\/www.laforetgroup.com\\\/fr\\\/#website\"},\"datePublished\":\"2024-05-16T11:01:56+00:00\",\"dateModified\":\"2024-05-16T11:34:19+00:00\",\"description\":\"LAFORET GROUP CIF: B55239966 immatricul\u00e9e au Registre de Turisme de Catalunya Non GC-004159 et la politique de responsabilit\u00e9 n \u00b0 N-5921344-Z.\",\"breadcrumb\":{\"@id\":\"https:\\\/\\\/www.laforetgroup.com\\\/fr\\\/mentions-legales-laforet-group-voyages-linguistiques\\\/#breadcrumb\"},\"inLanguage\":\"fr-FR\",\"potentialAction\":[{\"@type\":\"ReadAction\",\"target\":[\"https:\\\/\\\/www.laforetgroup.com\\\/fr\\\/mentions-legales-laforet-group-voyages-linguistiques\\\/\"]}]},{\"@type\":\"BreadcrumbList\",\"@id\":\"https:\\\/\\\/www.laforetgroup.com\\\/fr\\\/mentions-legales-laforet-group-voyages-linguistiques\\\/#breadcrumb\",\"itemListElement\":[{\"@type\":\"ListItem\",\"position\":1,\"name\":\"Portada\",\"item\":\"https:\\\/\\\/www.laforetgroup.com\\\/fr\\\/home\\\/\"},{\"@type\":\"ListItem\",\"position\":2,\"name\":\"Mentions l\u00e9gales\"}]},{\"@type\":\"WebSite\",\"@id\":\"https:\\\/\\\/www.laforetgroup.com\\\/fr\\\/#website\",\"url\":\"https:\\\/\\\/www.laforetgroup.com\\\/fr\\\/\",\"name\":\"Laforet Group\",\"description\":\"Voyages linguistiques\",\"potentialAction\":[{\"@type\":\"SearchAction\",\"target\":{\"@type\":\"EntryPoint\",\"urlTemplate\":\"https:\\\/\\\/www.laforetgroup.com\\\/fr\\\/?s={search_term_string}\"},\"query-input\":{\"@type\":\"PropertyValueSpecification\",\"valueRequired\":true,\"valueName\":\"search_term_string\"}}],\"inLanguage\":\"fr-FR\"}]}<\/script>\n<!-- \/ Yoast SEO plugin. -->","yoast_head_json":{"title":"Mentions l\u00e9gales | Laforet Group","description":"LAFORET GROUP CIF: B55239966 immatricul\u00e9e au Registre de Turisme de Catalunya Non GC-004159 et la politique de responsabilit\u00e9 n \u00b0 N-5921344-Z.","robots":{"index":"index","follow":"follow","max-snippet":"max-snippet:-1","max-image-preview":"max-image-preview:large","max-video-preview":"max-video-preview:-1"},"canonical":"https:\/\/www.laforetgroup.com\/fr\/mentions-legales-laforet-group-voyages-linguistiques\/","og_locale":"fr_FR","og_type":"article","og_title":"Mentions l\u00e9gales | Laforet Group","og_description":"LAFORET GROUP CIF: B55239966 immatricul\u00e9e au Registre de Turisme de Catalunya Non GC-004159 et la politique de responsabilit\u00e9 n \u00b0 N-5921344-Z.","og_url":"https:\/\/www.laforetgroup.com\/fr\/mentions-legales-laforet-group-voyages-linguistiques\/","og_site_name":"Laforet Group","article_publisher":"https:\/\/www.facebook.com\/laforet.languages","article_modified_time":"2024-05-16T11:34:19+00:00","twitter_card":"summary_large_image","twitter_site":"@LaforetLanguage","twitter_misc":{"Dur\u00e9e de lecture estim\u00e9e":"7 minutes"},"schema":{"@context":"https:\/\/schema.org","@graph":[{"@type":"WebPage","@id":"https:\/\/www.laforetgroup.com\/fr\/mentions-legales-laforet-group-voyages-linguistiques\/","url":"https:\/\/www.laforetgroup.com\/fr\/mentions-legales-laforet-group-voyages-linguistiques\/","name":"Mentions l\u00e9gales | Laforet Group","isPartOf":{"@id":"https:\/\/www.laforetgroup.com\/fr\/#website"},"datePublished":"2024-05-16T11:01:56+00:00","dateModified":"2024-05-16T11:34:19+00:00","description":"LAFORET GROUP CIF: B55239966 immatricul\u00e9e au Registre de Turisme de Catalunya Non GC-004159 et la politique de responsabilit\u00e9 n \u00b0 N-5921344-Z.","breadcrumb":{"@id":"https:\/\/www.laforetgroup.com\/fr\/mentions-legales-laforet-group-voyages-linguistiques\/#breadcrumb"},"inLanguage":"fr-FR","potentialAction":[{"@type":"ReadAction","target":["https:\/\/www.laforetgroup.com\/fr\/mentions-legales-laforet-group-voyages-linguistiques\/"]}]},{"@type":"BreadcrumbList","@id":"https:\/\/www.laforetgroup.com\/fr\/mentions-legales-laforet-group-voyages-linguistiques\/#breadcrumb","itemListElement":[{"@type":"ListItem","position":1,"name":"Portada","item":"https:\/\/www.laforetgroup.com\/fr\/home\/"},{"@type":"ListItem","position":2,"name":"Mentions l\u00e9gales"}]},{"@type":"WebSite","@id":"https:\/\/www.laforetgroup.com\/fr\/#website","url":"https:\/\/www.laforetgroup.com\/fr\/","name":"Laforet Group","description":"Voyages linguistiques","potentialAction":[{"@type":"SearchAction","target":{"@type":"EntryPoint","urlTemplate":"https:\/\/www.laforetgroup.com\/fr\/?s={search_term_string}"},"query-input":{"@type":"PropertyValueSpecification","valueRequired":true,"valueName":"search_term_string"}}],"inLanguage":"fr-FR"}]}},"_links":{"self":[{"href":"https:\/\/www.laforetgroup.com\/fr\/wp-json\/wp\/v2\/pages\/10883","targetHints":{"allow":["GET"]}}],"collection":[{"href":"https:\/\/www.laforetgroup.com\/fr\/wp-json\/wp\/v2\/pages"}],"about":[{"href":"https:\/\/www.laforetgroup.com\/fr\/wp-json\/wp\/v2\/types\/page"}],"author":[{"embeddable":true,"href":"https:\/\/www.laforetgroup.com\/fr\/wp-json\/wp\/v2\/users\/1"}],"replies":[{"embeddable":true,"href":"https:\/\/www.laforetgroup.com\/fr\/wp-json\/wp\/v2\/comments?post=10883"}],"version-history":[{"count":16,"href":"https:\/\/www.laforetgroup.com\/fr\/wp-json\/wp\/v2\/pages\/10883\/revisions"}],"predecessor-version":[{"id":10919,"href":"https:\/\/www.laforetgroup.com\/fr\/wp-json\/wp\/v2\/pages\/10883\/revisions\/10919"}],"wp:attachment":[{"href":"https:\/\/www.laforetgroup.com\/fr\/wp-json\/wp\/v2\/media?parent=10883"}],"curies":[{"name":"wp","href":"https:\/\/api.w.org\/{rel}","templated":true}]}}