{"id":9169,"date":"2017-01-31T18:40:50","date_gmt":"2017-01-31T18:40:50","guid":{"rendered":"https:\/\/laforetgroup.com\/informacion-cookies\/"},"modified":"2024-05-09T14:13:33","modified_gmt":"2024-05-09T14:13:33","slug":"information-cookies","status":"publish","type":"page","link":"https:\/\/www.laforetgroup.com\/en\/information-cookies\/","title":{"rendered":"More information cookies"},"content":{"rendered":"<p style=\"text-align: justify;\"><strong><span id=\"result_box\" class=\"short_text\" lang=\"en\">What is a cookie?<\/span><\/strong><\/p>\n<p style=\"text-align: justify;\"><span id=\"result_box\" lang=\"en\">A cookie is a harmless text file that is stored in your browser when you visit almost any web page. The usefulness of the cookie is that the web is able to remember your visit when you navigate through that page. Although many people do not know the cookies have been used for 20 years, when the first browsers appeared for the World Wide Web.<\/span><\/p>\n<p style=\"text-align: justify;\"><strong><span id=\"result_box\" class=\"short_text\" lang=\"en\">What is NOT a cookie?<\/span><\/strong><\/p>\n<p style=\"text-align: justify;\"><span id=\"result_box\" lang=\"en\">It is not a virus, nor a Trojan, nor a worm, nor spam, nor spyware, nor opens pop-up windows.<\/span><\/p>\n<p style=\"text-align: justify;\"><strong><span id=\"result_box\" class=\"short_text\" lang=\"en\">What information does a cookie store?<\/span><span id=\"t-served-community-button\" class=\"trans-verified-button goog-toolbar-button\"><\/span><\/strong><\/p>\n<p style=\"text-align: justify;\"><span id=\"result_box\" lang=\"en\">Cookies do not usually store sensitive information about you, such as credit cards or bank details, photographs, your ID or personal information, etc. The data they keep are of a technical nature, personal preferences, personalization of contents, etc.<br \/>\n<\/span><\/p>\n<p style=\"text-align: justify;\"><span id=\"result_box\" lang=\"en\">The web server does not associate you as a person if not to your web browser. In fact, if you regularly surf with Internet Explorer and try browsing the same web with Firefox or Chrome you will see that the web does not realize that you are the same person because you are actually associating the browser, not the person.<\/span><\/p>\n<p style=\"text-align: justify;\"><strong><span id=\"result_box\" class=\"short_text\" lang=\"en\">What kind of cookies are there?<\/span><span id=\"t-served-community-button\" class=\"trans-verified-button goog-toolbar-button\"><\/span><\/strong><\/p>\n<p style=\"text-align: justify;\"><span id=\"result_box\" lang=\"en\">\u2022 Technical Cookies: These are the most basic and allow, among other things, to know when a human or an automated application is navigating, when an anonymous user and a registered user navigate, basic tasks for the operation of any dynamic web.<br \/>\n\u2022 Analysis Cookies: Collect information about the type of navigation you are making, the sections you use most, products consulted, time zone of use, language, etc.<br \/>\n\u2022 Advertising Cookies: Show advertising based on your navigation, your country of origin, language, etc.<\/span><\/p>\n<p style=\"text-align: justify;\"><strong><span id=\"result_box\" class=\"short_text\" lang=\"en\">What are your own and third-party cookies?<\/span><span id=\"t-served-community-button\" class=\"trans-verified-button goog-toolbar-button\"><\/span><\/strong><\/p>\n<p style=\"text-align: justify;\"><span id=\"result_box\" lang=\"en\">Your own cookies are those generated by the page you are visiting and those of third parties are those generated by external services or providers such as Facebook, Twitter, Google, etc.<\/span><\/p>\n<p style=\"text-align: justify;\"><strong><span id=\"result_box\" class=\"short_text\" lang=\"en\">What happens if I turn off cookies?<\/span><span id=\"t-served-community-button\" class=\"trans-verified-button goog-toolbar-button\"><\/span><\/strong><\/p>\n<p style=\"text-align: justify;\"><span id=\"result_box\" lang=\"en\"><span title=\"Para que entienda el alcance que puede tener desactivar las cookies le mostramos unos ejemplos: \">To understand the scope that can have cookies off we show some examples:<br \/>\n<\/span><span title=\"\u2022No podr\u00e1 compartir contenidos de esa web en Facebook, Twitter o cualquier otra red social. \">\u2022 You will not be able to share content from that site on Facebook, Twitter or any other social network.<br \/>\n<\/span><span title=\"\u2022El sitio web no podr\u00e1 adaptar los contenidos a sus preferencias personales, como suele ocurrir en las tiendas online. \">\u2022 The website will not be able to adapt the content to your personal preferences, as is often the case in online stores.<br \/>\n<\/span><span title=\"\u2022No podr\u00e1 acceder al \u00e1rea personal de esa web, como por ejemplo Mi cuenta, o Mi perfil o Mis pedidos. \">\u2022 You will not be able to access the personal area of \u200b\u200bthat website, such as My account, My profile or My orders.<br \/>\n<\/span><span title=\"\u2022Tiendas online: Le ser\u00e1 imposible realizar compras online, tendr\u00e1n que ser telef\u00f3nicas o visitando la tienda f\u00edsica si es que dispone de ella. \">\u2022 Online stores: You will not be able to make purchases online, they will have to be telephone or visit the physical store if you have it.<br \/>\n<\/span><span title=\"\u2022No ser\u00e1 posible personalizar sus preferencias geogr\u00e1ficas como franja horaria, divisa o idioma. \">\u2022 It will not be possible to customize your geographical preferences such as time zone, currency or language.<br \/>\n<\/span><span title=\"\u2022El sitio web no podr\u00e1 realizar anal\u00edticas web sobre visitantes y tr\u00e1fico en la web, lo que dificultar\u00e1 que la web sea competitiva. \">\u2022 The website will not be able to perform web analytics on visitors and traffic on the web, which will make it difficult for the web to be competitive.<br \/>\n<\/span><span title=\"\u2022No podr\u00e1 escribir en el blog, no podr\u00e1 subir fotos, publicar comentarios, valorar o puntuar contenidos.\">\u2022 You will not be able to write in the blog, you will not be able to upload photos, post comments, rate or rate content. <\/span><span title=\"La web tampoco podr\u00e1 saber si usted es un humano o una aplicaci\u00f3n automatizada que publica spam. \">The web also will not know if you are a human or an automated application that publishes spam.<br \/>\n<\/span><span title=\"\u2022No se podr\u00e1 mostrar publicidad sectorizada, lo que reducir\u00e1 los ingresos publicitarios de la web. \">\u2022 It will not be possible to show sectorized advertising, which will reduce the advertising revenues of the web.<br \/>\n<\/span><span title=\"\u2022Todas las redes sociales usan cookies, si las desactiva no podr\u00e1 utilizar ninguna red social.\">\u2022 All social networks use cookies, if you disable them you will not be able to use any social network.<\/span><\/span><\/p>\n<p style=\"text-align: justify;\"><strong><span id=\"result_box\" class=\"short_text\" lang=\"en\">Can cookies be deleted?<\/span><\/strong><\/p>\n<p style=\"text-align: justify;\"><span id=\"result_box\" lang=\"en\"><span tabindex=\"-1\" contenteditable=\"false\">Yes. Do not just delete, also block, in a general or particular way for a specific domain.<\/span><\/span><span id=\"t-served-community-button\" class=\"trans-verified-button goog-toolbar-button\"><\/span><\/p>\n<p style=\"text-align: justify;\"><span id=\"result_box\" lang=\"en\">To remove cookies from a website you must go to the configuration of your browser and there you can search for those associated with the domain in question and proceed to its elimination.<\/span><\/p>\n<p style=\"text-align: justify;\"><strong><span id=\"result_box\" class=\"short_text\" lang=\"en\">Cookie settings for most popular browsers<\/span><span id=\"t-served-community-button\" class=\"trans-verified-button goog-toolbar-button\"><\/span><\/strong><\/p>\n<p style=\"text-align: justify;\"><span id=\"result_box\" lang=\"en\">Here&#8217;s how to access a specific cookie from the Chrome browser. Note: These steps may vary depending on your browser version:<br \/>\n1. Go to Settings or Preferences using the File menu or by clicking the personalization icon shown at the top right.<br \/>\n2. You will see different sections, click Show advanced options.<br \/>\n3. Go to Privacy, Content Settings.<br \/>\n4. Select All cookies and site data.<br \/>\n5.A list will appear with all cookies ordered by domain. To make it easier for you to find the cookies for a particular domain, enter the address in the Search for cookies field in whole or in part.<br \/>\n6. Once this filter is done, one or more lines will appear on the screen with the requested web page cookies. Now you just have to select it and press the X to proceed to its elimination.<\/span><\/p>\n<p style=\"text-align: justify;\"><strong><span id=\"result_box\" lang=\"en\">To access the cookies configuration of the Internet Explorer browser follow these steps (they may vary depending on the version of the browser):<\/span><span id=\"t-served-community-button\" class=\"trans-verified-button goog-toolbar-button\"><\/span><\/strong><\/p>\n<div id=\"gt-res-c\" class=\"g-unit\">\n<div id=\"gt-res-p\">\n<div id=\"gt-res-data\">\n<div id=\"gt-res-wrap\">\n<div id=\"gt-res-content\">\n<div id=\"gt-res-dir-ctr\" class=\"trans-verified-button-small\" dir=\"ltr\"><span id=\"gt-res-error\"><\/span><span id=\"result_box\" lang=\"en\">1. Go to Tools, Internet Options<br \/>\n2.Click on Privacy.<br \/>\n3. Move the slider until you adjust the level of privacy you want.<\/span><span id=\"t-served-community-button\" class=\"trans-verified-button goog-toolbar-button\"><\/span><\/div>\n<\/div>\n<\/div>\n<\/div>\n<\/div>\n<\/div>\n<p style=\"text-align: justify;\"><strong><span id=\"result_box\" lang=\"en\">To access the cookies configuration of the Firefox browser follow these steps (may vary depending on browser version):<\/span><\/strong><\/p>\n<p style=\"text-align: justify;\"><span id=\"result_box\" lang=\"en\">1. Go to Options or Preferences depending on your operating system.<br \/>\n2. Click on Privacy.<br \/>\n3. In History choose Use a custom setting for the history.<br \/>\n4. Now you will see the option Accept cookies, you can activate or deactivate it according to your preferences.<\/span><\/p>\n<p style=\"text-align: justify;\"><strong><span id=\"result_box\" lang=\"en\">To access the cookies configuration of the Safari browser for OSX follow these steps (they may vary depending on the version of the browser):<\/span><span id=\"t-served-community-button\" class=\"trans-verified-button goog-toolbar-button\"><\/span><\/strong><\/p>\n<p style=\"text-align: justify;\"><span id=\"result_box\" lang=\"en\">1. Go to Preferences, then Privacy.<br \/>\n2. In this place you will see the option Block cookies to adjust the type of block you want to perform.<\/span><\/p>\n<p style=\"text-align: justify;\"><strong><span id=\"result_box\" lang=\"en\">To access the Safari browser settings for iOS, follow these steps (they may vary depending on the browser version):<\/span><\/strong><\/p>\n<p style=\"text-align: justify;\"><span id=\"result_box\" lang=\"en\">1. Go to Settings, then Safari.<br \/>\n2. Go to Privacy and Security, you will see the Block Cookies option to adjust the type of block you want to perform.<\/span><\/p>\n<p style=\"text-align: justify;\"><strong><span id=\"result_box\" lang=\"en\">To access your browser&#8217;s cookie settings for Android devices follow these steps (they may vary depending on your browser version):<\/span><span id=\"t-served-community-button\" class=\"trans-verified-button goog-toolbar-button\"><\/span><\/strong><\/p>\n<p style=\"text-align: justify;\"><span id=\"result_box\" lang=\"en\">1.Use the browser and press the Menu key, then Settings.<br \/>\n2. Go to Security and Privacy, you will see the Accept cookies option to enable or disable the check box.<\/span><\/p>\n","protected":false},"excerpt":{"rendered":"<p>What is a cookie? A cookie is a harmless text file that is stored in your browser when you visit almost any web page. The usefulness of the cookie is &#8230;<\/p>\n","protected":false},"author":1,"featured_media":0,"parent":0,"menu_order":0,"comment_status":"closed","ping_status":"closed","template":"template-blank-3.php","meta":{"footnotes":""},"class_list":["post-9169","page","type-page","status-publish","format-standard","hentry","no-post-thumbnail"],"yoast_head":"<!-- This site is optimized with the Yoast SEO plugin v27.5 - https:\/\/yoast.com\/product\/yoast-seo-wordpress\/ -->\n<title>More information cookies | Laforet Group | Language travel | Study abroad<\/title>\n<meta name=\"description\" content=\"A cookie is a harmless text file that is stored in your browser when you visit almost any web page. The usefulness of the cookie is that the web.\" \/>\n<meta name=\"robots\" content=\"index, follow, max-snippet:-1, max-image-preview:large, max-video-preview:-1\" \/>\n<link rel=\"canonical\" href=\"https:\/\/www.laforetgroup.com\/en\/information-cookies\/\" \/>\n<meta property=\"og:locale\" content=\"en_US\" \/>\n<meta property=\"og:type\" content=\"article\" \/>\n<meta property=\"og:title\" content=\"More information cookies | Laforet Group | Language travel | Study abroad\" \/>\n<meta property=\"og:description\" content=\"A cookie is a harmless text file that is stored in your browser when you visit almost any web page. The usefulness of the cookie is that the web.\" \/>\n<meta property=\"og:url\" content=\"https:\/\/www.laforetgroup.com\/en\/information-cookies\/\" \/>\n<meta property=\"og:site_name\" content=\"Laforet Group\" \/>\n<meta property=\"article:publisher\" content=\"https:\/\/www.facebook.com\/laforet.languages\" \/>\n<meta property=\"article:modified_time\" content=\"2024-05-09T14:13:33+00:00\" \/>\n<meta name=\"twitter:card\" content=\"summary_large_image\" \/>\n<meta name=\"twitter:site\" content=\"@LaforetLanguage\" \/>\n<meta name=\"twitter:label1\" content=\"Est. reading time\" \/>\n\t<meta name=\"twitter:data1\" content=\"5 minutes\" \/>\n<script type=\"application\/ld+json\" class=\"yoast-schema-graph\">{\"@context\":\"https:\\\/\\\/schema.org\",\"@graph\":[{\"@type\":\"WebPage\",\"@id\":\"https:\\\/\\\/www.laforetgroup.com\\\/en\\\/information-cookies\\\/\",\"url\":\"https:\\\/\\\/www.laforetgroup.com\\\/en\\\/information-cookies\\\/\",\"name\":\"More information cookies | Laforet Group | Language travel | Study abroad\",\"isPartOf\":{\"@id\":\"https:\\\/\\\/www.laforetgroup.com\\\/en\\\/#website\"},\"datePublished\":\"2017-01-31T18:40:50+00:00\",\"dateModified\":\"2024-05-09T14:13:33+00:00\",\"description\":\"A cookie is a harmless text file that is stored in your browser when you visit almost any web page. The usefulness of the cookie is that the web.\",\"breadcrumb\":{\"@id\":\"https:\\\/\\\/www.laforetgroup.com\\\/en\\\/information-cookies\\\/#breadcrumb\"},\"inLanguage\":\"en-US\",\"potentialAction\":[{\"@type\":\"ReadAction\",\"target\":[\"https:\\\/\\\/www.laforetgroup.com\\\/en\\\/information-cookies\\\/\"]}]},{\"@type\":\"BreadcrumbList\",\"@id\":\"https:\\\/\\\/www.laforetgroup.com\\\/en\\\/information-cookies\\\/#breadcrumb\",\"itemListElement\":[{\"@type\":\"ListItem\",\"position\":1,\"name\":\"Portada\",\"item\":\"https:\\\/\\\/www.laforetgroup.com\\\/en\\\/home\\\/\"},{\"@type\":\"ListItem\",\"position\":2,\"name\":\"More information cookies\"}]},{\"@type\":\"WebSite\",\"@id\":\"https:\\\/\\\/www.laforetgroup.com\\\/en\\\/#website\",\"url\":\"https:\\\/\\\/www.laforetgroup.com\\\/en\\\/\",\"name\":\"Laforet Group\",\"description\":\"Language Travel\",\"potentialAction\":[{\"@type\":\"SearchAction\",\"target\":{\"@type\":\"EntryPoint\",\"urlTemplate\":\"https:\\\/\\\/www.laforetgroup.com\\\/en\\\/?s={search_term_string}\"},\"query-input\":{\"@type\":\"PropertyValueSpecification\",\"valueRequired\":true,\"valueName\":\"search_term_string\"}}],\"inLanguage\":\"en-US\"}]}<\/script>\n<!-- \/ Yoast SEO plugin. -->","yoast_head_json":{"title":"More information cookies | Laforet Group | Language travel | Study abroad","description":"A cookie is a harmless text file that is stored in your browser when you visit almost any web page. The usefulness of the cookie is that the web.","robots":{"index":"index","follow":"follow","max-snippet":"max-snippet:-1","max-image-preview":"max-image-preview:large","max-video-preview":"max-video-preview:-1"},"canonical":"https:\/\/www.laforetgroup.com\/en\/information-cookies\/","og_locale":"en_US","og_type":"article","og_title":"More information cookies | Laforet Group | Language travel | Study abroad","og_description":"A cookie is a harmless text file that is stored in your browser when you visit almost any web page. The usefulness of the cookie is that the web.","og_url":"https:\/\/www.laforetgroup.com\/en\/information-cookies\/","og_site_name":"Laforet Group","article_publisher":"https:\/\/www.facebook.com\/laforet.languages","article_modified_time":"2024-05-09T14:13:33+00:00","twitter_card":"summary_large_image","twitter_site":"@LaforetLanguage","twitter_misc":{"Est. reading time":"5 minutes"},"schema":{"@context":"https:\/\/schema.org","@graph":[{"@type":"WebPage","@id":"https:\/\/www.laforetgroup.com\/en\/information-cookies\/","url":"https:\/\/www.laforetgroup.com\/en\/information-cookies\/","name":"More information cookies | Laforet Group | Language travel | Study abroad","isPartOf":{"@id":"https:\/\/www.laforetgroup.com\/en\/#website"},"datePublished":"2017-01-31T18:40:50+00:00","dateModified":"2024-05-09T14:13:33+00:00","description":"A cookie is a harmless text file that is stored in your browser when you visit almost any web page. The usefulness of the cookie is that the web.","breadcrumb":{"@id":"https:\/\/www.laforetgroup.com\/en\/information-cookies\/#breadcrumb"},"inLanguage":"en-US","potentialAction":[{"@type":"ReadAction","target":["https:\/\/www.laforetgroup.com\/en\/information-cookies\/"]}]},{"@type":"BreadcrumbList","@id":"https:\/\/www.laforetgroup.com\/en\/information-cookies\/#breadcrumb","itemListElement":[{"@type":"ListItem","position":1,"name":"Portada","item":"https:\/\/www.laforetgroup.com\/en\/home\/"},{"@type":"ListItem","position":2,"name":"More information cookies"}]},{"@type":"WebSite","@id":"https:\/\/www.laforetgroup.com\/en\/#website","url":"https:\/\/www.laforetgroup.com\/en\/","name":"Laforet Group","description":"Language Travel","potentialAction":[{"@type":"SearchAction","target":{"@type":"EntryPoint","urlTemplate":"https:\/\/www.laforetgroup.com\/en\/?s={search_term_string}"},"query-input":{"@type":"PropertyValueSpecification","valueRequired":true,"valueName":"search_term_string"}}],"inLanguage":"en-US"}]}},"_links":{"self":[{"href":"https:\/\/www.laforetgroup.com\/en\/wp-json\/wp\/v2\/pages\/9169","targetHints":{"allow":["GET"]}}],"collection":[{"href":"https:\/\/www.laforetgroup.com\/en\/wp-json\/wp\/v2\/pages"}],"about":[{"href":"https:\/\/www.laforetgroup.com\/en\/wp-json\/wp\/v2\/types\/page"}],"author":[{"embeddable":true,"href":"https:\/\/www.laforetgroup.com\/en\/wp-json\/wp\/v2\/users\/1"}],"replies":[{"embeddable":true,"href":"https:\/\/www.laforetgroup.com\/en\/wp-json\/wp\/v2\/comments?post=9169"}],"version-history":[{"count":4,"href":"https:\/\/www.laforetgroup.com\/en\/wp-json\/wp\/v2\/pages\/9169\/revisions"}],"predecessor-version":[{"id":10799,"href":"https:\/\/www.laforetgroup.com\/en\/wp-json\/wp\/v2\/pages\/9169\/revisions\/10799"}],"wp:attachment":[{"href":"https:\/\/www.laforetgroup.com\/en\/wp-json\/wp\/v2\/media?parent=9169"}],"curies":[{"name":"wp","href":"https:\/\/api.w.org\/{rel}","templated":true}]}}